{"id":7,"date":"2017-01-30T10:01:06","date_gmt":"2017-01-30T09:01:06","guid":{"rendered":"http:\/\/znakomity.net\/malawian\/?page_id=5"},"modified":"2025-02-23T11:07:36","modified_gmt":"2025-02-23T10:07:36","slug":"strona-glowna","status":"publish","type":"page","link":"https:\/\/malawian.pl\/","title":{"rendered":"Strona g\u0142\u00f3wna"},"content":{"rendered":"<h1>&nbsp;<\/h1>\n<h1>&nbsp;<\/h1>\n<h1 style=\"text-align: center;\"><span style=\"color: #000000;\"><strong>MALAWIAN<\/strong><\/span><\/h1>\n<p>&nbsp;<\/p>\n<h3 id=\"tw-target-text\" class=\"tw-data-text tw-ta tw-text-small\" dir=\"ltr\" style=\"text-align: center;\" data-placeholder=\"T\u0142umaczenie\"><strong><span lang=\"pl\" style=\"color: #000000;\" tabindex=\"0\"> To hodowla ryb z jeziora Malaw<\/span><\/strong><span lang=\"pl\" tabindex=\"0\"><strong><span style=\"color: #000000;\">i i Tanganika. Nasza hodowla powsta\u0142a z zainteresowania i pasji do akwarystki kt\u00f3re sta\u0142o si\u0119 w sposobem na \u017cycie.Promujemy akwarystk\u0119 na najwy\u017cszym poziomie, dlatego bardzo wa\u017cne jest dla nas dostarczanie klientom najwy\u017cszej jako\u015bci ryb i niezb\u0119dnych informacji na temat ich hodowli . <\/span><\/strong><br \/>\n<span style=\"color: #000000;\"><strong>Naszym celem jest zadowolenie klienta &#8211; zar\u00f3wno z towaru, jak i us\u0142ug kt\u00f3re \u015bwiadczymy . <\/strong><\/span><br \/>\n<strong><span style=\"color: #000000;\">W ofercie hodowli #malawian znajduj\u0105 si\u0119 piel\u0119gnice afryka\u0144skie z jezior Malawi i Tanganika . Nasze ryby pochodz\u0105 z w\u0142asnej , ale tak\u017ce renomowanych polskich, s\u0142owackich i niemieckich hodowli . <\/span><\/strong><br \/>\n<strong><span style=\"color: #000000;\">Regularnie w naszej ofercie dost\u0119pne s\u0105 ryby pochodz\u0105ce prosto z od\u0142owu (WF) ale r\u00f3wnie\u017c z pierwszego pokolenia hodowlanego (F1).<\/span><\/strong><br \/>\n<strong><span style=\"color: #000000;\">Sta\u0142a wsp\u00f3\u0142praca z najlepszymi hodowlami na rynku pozwala nam oferowa\u0107 ryby najwy\u017cszej jako\u015bci. <\/span><\/strong><br \/>\n<strong><span style=\"color: #000000;\">Obecna oferta #malawian zawiera to ponad 300 gatunk\u00f3w piel\u0119gnic, kt\u00f3re mo\u017cna osobi\u015bcie zobaczy\u0107 i kupi\u0107 . Prowadzimy r\u00f3wnie\u017c sprzeda\u017c wysy\u0142kow\u0105<\/span><\/strong><br \/>\n<strong><span style=\"color: #000000;\">kt\u00f3ra gwarantuje komfort oraz najkr\u00f3tszy czas dostawy do klienta. <\/span><\/strong><br \/>\n<strong><span style=\"color: #000000;\">Nasz\u0105 dewiz\u0105 jest profesjonalizm i zadowolenie klienta. <\/span><\/strong><br \/>\n<\/span><\/h3>\n<h1 dir=\"ltr\" data-placeholder=\"T\u0142umaczenie\">&nbsp;<\/h1>\n<h1 dir=\"ltr\" data-placeholder=\"T\u0142umaczenie\">&nbsp;<\/h1>\n<h1 class=\"tw-data-text tw-ta tw-text-small\" dir=\"ltr\" style=\"text-align: center;\" data-placeholder=\"T\u0142umaczenie\"><strong><span lang=\"pl\" tabindex=\"0\"><span style=\"color: #000000;\">Zapraszamy <\/span><\/span><\/strong><\/h1>\n<p><strong>Partnerzy :<\/strong><\/p>\n<p><a title=\"monta\u017c klimatyzacji\" href=\"http:\/\/treesun.pl\" target=\"_blank\" rel=\"noopener noreferrer\"><img decoding=\"async\" class=\"alignnone size-medium wp-image-531\" src=\"http:\/\/malawian.pl\/wp-content\/uploads\/2020\/01\/LOGO-250x94.png\" alt=\"\"><\/a><\/p>\n","protected":false},"excerpt":{"rendered":"&nbsp; &nbsp; MALAWIAN &nbsp; To hodowla ryb z jeziora Malawi i Tanganika. Nasza hodowla powsta\u0142a z zainteresowania i pasji do akwarystki kt\u00f3re sta\u0142o si\u0119 w sposobem na \u017cycie.Promujemy akwarystk\u0119 na najwy\u017cszym poziomie, dlatego bardzo wa\u017cne jest dla nas dostarczanie klientom najwy\u017cszej jako\u015bci ryb i niezb\u0119dnych informacji na temat ich hodowli . Naszym celem jest zadowolenie&#8230; <a class=\"view-article\" href=\"https:\/\/malawian.pl\/\">View Article<\/a>","protected":false},"author":2,"featured_media":222,"parent":0,"menu_order":0,"comment_status":"closed","ping_status":"closed","template":"paget_start.php","meta":{"_acf_changed":false,"ngg_post_thumbnail":0,"footnotes":""},"class_list":["post-7","page","type-page","status-publish","has-post-thumbnail","hentry"],"acf":[],"_links":{"self":[{"href":"https:\/\/malawian.pl\/index.php?rest_route=\/wp\/v2\/pages\/7","targetHints":{"allow":["GET"]}}],"collection":[{"href":"https:\/\/malawian.pl\/index.php?rest_route=\/wp\/v2\/pages"}],"about":[{"href":"https:\/\/malawian.pl\/index.php?rest_route=\/wp\/v2\/types\/page"}],"author":[{"embeddable":true,"href":"https:\/\/malawian.pl\/index.php?rest_route=\/wp\/v2\/users\/2"}],"replies":[{"embeddable":true,"href":"https:\/\/malawian.pl\/index.php?rest_route=%2Fwp%2Fv2%2Fcomments&post=7"}],"version-history":[{"count":1,"href":"https:\/\/malawian.pl\/index.php?rest_route=\/wp\/v2\/pages\/7\/revisions"}],"predecessor-version":[{"id":491,"href":"https:\/\/malawian.pl\/index.php?rest_route=\/wp\/v2\/pages\/7\/revisions\/491"}],"wp:featuredmedia":[{"embeddable":true,"href":"https:\/\/malawian.pl\/index.php?rest_route=\/"}],"wp:attachment":[{"href":"https:\/\/malawian.pl\/index.php?rest_route=%2Fwp%2Fv2%2Fmedia&parent=7"}],"curies":[{"name":"wp","href":"https:\/\/api.w.org\/{rel}","templated":true}]}}